{"id":1246,"date":"2020-03-03T17:21:04","date_gmt":"2020-03-03T17:21:04","guid":{"rendered":"https:\/\/justiceinmining.org\/?page_id=1246"},"modified":"2020-04-30T14:09:16","modified_gmt":"2020-04-30T14:09:16","slug":"documentos","status":"publish","type":"page","link":"https:\/\/justiceinmining.org\/es\/documentos\/","title":{"rendered":"Documentos"},"content":{"rendered":"<p>Para facilitar la reflexi\u00f3n y el trabajo en red en torno a la justicia socio-ambiental y el extractivismo facilitamos en este espacio una serie de recursos bibliogr\u00e1ficos y otros documentos de inter\u00e9s. Encontrar\u00e1s enlaces a documentos de reflexi\u00f3n procedentes de la espiritualidad Ignaciana y de la Iglesia cat\u00f3lica, junto a herramientas y gu\u00edas para la incidencia p\u00fablica. Esperamos que resulten \u00fatiles. No dudes en contactarnos si consideras que debemos incluir alg\u00fan otro documento relacionado interesante sobre este tema.<\/p>\n<div class=\"su-accordion su-u-trim\">\n<div class=\"su-spoiler su-spoiler-style-default su-spoiler-icon-chevron su-spoiler-closed\" data-scroll-offset=\"0\" data-anchor-in-url=\"no\"><div class=\"su-spoiler-title\" tabindex=\"0\" role=\"button\"><span class=\"su-spoiler-icon\"><\/span><strong>Incidencia Ignaciana<\/strong><\/div><div class=\"su-spoiler-content su-u-clearfix su-u-trim\">\n<ul>\n<li><a href=\"https:\/\/justiceinmining.org\/wp-content\/uploads\/2020\/03\/01-IntroRedAdvocacyNetwork_ESP.pdf\"><strong>(ESP) Introduccio\u0301n a la Red de Advocacy Ignaciana<\/strong><\/a><br \/>\nEnero de 2010. Secretariado para la Justicia Social de la Compan\u0303i\u0301a de Jesu\u0301s.<br \/>\nEste documento da una panora\u0301mica de la visio\u0301n, misio\u0301n y visio\u0301n del movimiento que condujo a la creacio\u0301n de las Redes Globales de Incidencia Ignaciana, de las que la red Justicia en Mineri\u0301a forma parte.<br \/>\nTaman\u0303o: 769 Kb<\/li>\n<li><a href=\"https:\/\/justiceinmining.org\/wp-content\/uploads\/2020\/03\/02-Redes_Globales_de_Incidencia_PJ_110_ESP.pdf\"><strong>(ESP) Redes Globales de Advocacy Ignaciana<\/strong><\/a><br \/>\nPromotio Iustitiae, No110 2013\/1<br \/>\nNu\u0301mero especial dedicado a explorar los fundamentos teolo\u0301gicos del \u201cadvocacy Ignaciano\u201d, el ciclo de la misio\u0301n en la Compan\u0303i\u0301a de Jesu\u0301s y el lanzamiento de las redes GIAN.<br \/>\nTaman\u0303o: 1190 Kb<\/li>\n<li><a href=\"https:\/\/justiceinmining.org\/wp-content\/uploads\/2020\/03\/03-Gobernanza_de_RRNN_PJ_118_ESP.pdf\"><strong>(ESP) Gobernanza de Recursos Minerales: desafi\u0301os y respuestas<\/strong><\/a><br \/>\nPromotio Iustitiae, No118 2015\/2<br \/>\nNu\u0301mero especial sobre la Red GIAN-GNMR (Governance of Natural and Mineral Resources) que se renombro\u0301 como la red Justicia en Mineri\u0301a a partir de 2015. Ofrece una panora\u0301mica del trabajo de la red en las diferentes Conferencias Jesuitas.<br \/>\nTaman\u0303o: 1014 Kb<\/li>\n<li><strong><a href=\"https:\/\/justiceinmining.org\/wp-content\/uploads\/2020\/03\/04-A_Theological_Reflection_GNMR_FrankT.pdf\">(ENG) A Theological Reflection on the Governance of Natural and Mineral Resources<\/a><\/strong><br \/>\nAuthor: Frank Turner SJ. October 2014<br \/>\nFile size: 269 KB<\/li>\n<\/ul>\n<\/div><\/div>\n<div class=\"su-spoiler su-spoiler-style-default su-spoiler-icon-chevron su-spoiler-closed\" data-scroll-offset=\"0\" data-anchor-in-url=\"no\"><div class=\"su-spoiler-title\" tabindex=\"0\" role=\"button\"><span class=\"su-spoiler-icon\"><\/span><strong>Discernimiento cat\u00f3lico<\/strong><\/div><div class=\"su-spoiler-content su-u-clearfix su-u-trim\">\n<ul>\n<li><a href=\"https:\/\/justiceinmining.org\/wp-content\/uploads\/2020\/03\/08-JPIC_Statement_ESP.pdf\"><strong>(ESP) Declaracio\u0301n de los participantes en el Seminario sobre Mineri\u0301a organizado por la Comisio\u0301n Justice, Peace &amp; Integrity of Creation (JPIC)<\/strong><\/a><br \/>\nEl seminario JPIC sobre mineri\u0301a reunio\u0301 en Roma a 36 representantes de diferentes organizaciones cato\u0301licas y 14 o\u0301rdenes religiosas de diversos pai\u0301ses. 25-27 de Septiembre de 2019<br \/>\nTaman\u0303o: 104 Kb<\/li>\n<li><a href=\"https:\/\/justiceinmining.org\/wp-content\/uploads\/2020\/03\/05-enciclica-laudato-si_ESP.pdf\"><strong>(ESP) Carta Enci\u0301clica Laudato Si\u2019 sobre el Cuidado de la Casa Comu\u0301n Papa Francisco. 24 de Mayo de 2015<\/strong><\/a><br \/>\nTaman\u0303o: 454 Kb<\/li>\n<li><a href=\"https:\/\/justiceinmining.org\/wp-content\/uploads\/2020\/03\/06-MineriaBienComun_PapaFrancis.03052019.pdf\"><strong>(ESP) Orientaciones de Su Santidad Papa Francisco a los participantes en la reunio\u0301n promovida por el Dicasterios para Promover el Desarrollo Humano Integral, con la industria minera<\/strong><\/a><br \/>\nPapa Francisco, 3 de mayo de 2019. Traduccio\u0301n no oficial.<br \/>\nTaman\u0303o: 140 Kb<\/li>\n<li><a href=\"https:\/\/justiceinmining.org\/wp-content\/uploads\/2020\/03\/07-CELAM_carta_pastoral_2018_final_ESP.pdf\"><strong>(ESP) Carta Pastoral Consejo Episcopal Latinoamericano (CELAM).<\/strong><\/a><br \/>\nDisci\u0301pulos Misioneros: Custodios de la Casa Comu\u0301n. Discernimiento a la luz de Laudato Si\u2019<br \/>\nEste documento ofrece una reflexio\u0301n teolo\u0301gica sobre ecologi\u0301a integral y los desafi\u0301os planteados por el extractivismo en Ame\u0301rica Latina. CELAM. Enero 2018.<br \/>\nTaman\u0303o: 16,07 Mb<\/li>\n<\/ul>\n<\/div><\/div>\n<div class=\"su-spoiler su-spoiler-style-default su-spoiler-icon-chevron su-spoiler-closed\" data-scroll-offset=\"0\" data-anchor-in-url=\"no\"><div class=\"su-spoiler-title\" tabindex=\"0\" role=\"button\"><span class=\"su-spoiler-icon\"><\/span><strong>Gu\u00edas pr\u00e1cticas<\/strong><\/div><div class=\"su-spoiler-content su-u-clearfix su-u-trim\">\n<p>Aqu\u00ed puedes encontrar algunas gu\u00edas y herramientas para proteger a tu comunidad y mejorar tus habilidades negociadoras:<\/p>\n<ul>\n<li><a href=\"https:\/\/justiceinmining.org\/wp-content\/uploads\/2020\/03\/09-Protegiendo_tu_comunidadGUIDE-Spanish.pdf\"><strong>(ES) Protegiendo a su Comunidad Frente a la Mineri\u0301a y Otras Operaciones Extractivas<\/strong><\/a><br \/>\nAutores: Carlos Zorrilla, Arden Buck y David Pellow. Publicada por Mining Watch Canada. 2016, Segunda Ed.<br \/>\nTaman\u0303o: 1,74 Mb<\/li>\n<li><a href=\"https:\/\/justiceinmining.org\/wp-content\/uploads\/2020\/03\/10-Protegiendo_tu_ComunidadSUPPLEMENT-Spanish.pdf\"><strong>(ES) Suplemento para \u201cProtegiendo a su Comunidad\u201d. Recursos y Consejos U\u0301tiles<\/strong><\/a><br \/>\nAutores: Carlos Zorrilla, Arden Buck y David Pellow. Publicada por Mining Watch Canada. Publicada por Mining Watch Canada, u\u0301ltima actualizacio\u0301n dic.2015<br \/>\nTaman\u0303o: 735 Kb<\/li>\n<li><a href=\"https:\/\/justiceinmining.org\/wp-content\/uploads\/2020\/03\/11-Guida_Protegendo_sua_Comunidade_PT.pdf\"><strong>(PT) \u201cProtegendo a sua Comunidade\u201d Da minerac\u0327a\u0303o e outras operac\u0327o\u0303es de extrac\u0327a\u0303o. Um Guia para a Resiste\u0302ncia<\/strong><\/a><br \/>\nAutores: Carlos Zorrilla, Arden Buck e David Pellow. Publicado pela Mining Watch Canada, 2016, Segunda Edic\u0327a\u0303o<br \/>\nTamanho: 1,74 Mb<\/li>\n<li><a href=\"https:\/\/justiceinmining.org\/wp-content\/uploads\/2020\/03\/12-Suplemento_Protegendo_sua_Comunidade_PT.pdf\"><strong>(PT) Suplemento para \u201cProtegendo a sua Comunidade\u201d. Recursos e dicas u\u0301teis <\/strong><\/a><br \/>\nAutores: Carlos Zorrilla, Arden Buck e David Pellow. Publicado pela Mining Watch Canada, Escrito em Dezembro de 2015<br \/>\nTamanho: 735 Kb<\/li>\n<li><a href=\"https:\/\/justiceinmining.org\/wp-content\/uploads\/2020\/03\/12-Guide_Turning_the_Tide_ENG.pdf\"><strong>(EN) Turning the Tide. Independent Problem Solving Service for Mining<\/strong><\/a><br \/>\nCompanies and Affected CommunitiesBy Benchmarks Foundation. August 2018<br \/>\nSize: 692 Kb<\/li>\n<li><strong><a href=\"https:\/\/justiceinmining.org\/wp-content\/uploads\/2020\/03\/13-UNDP-MMFSD-HighResolution_ENG.pdf\">(EN) Managing mining for sustainable development. A sourcebook<\/a><\/strong><br \/>\nBy UNDP Bangkok Regional Hub and Poverty-Environment Initiative Asia-Pacifico of UNDP and UN Environment, first published in 2018<br \/>\nSize: 7,76 Mb<\/li>\n<\/ul>\n<\/div><\/div>\n<\/div>\n","protected":false},"excerpt":{"rendered":"<p>Para facilitar la reflexi\u00f3n y el trabajo en red en torno a la justicia socio-ambiental y el extractivismo facilitamos en este espacio una serie de recursos bibliogr\u00e1ficos y otros documentos de inter\u00e9s. Encontrar\u00e1s enlaces a documentos de reflexi\u00f3n procedentes de la espiritualidad Ignaciana y de la Iglesia cat\u00f3lica, junto a herramientas y gu\u00edas para la &hellip;<\/p>\n","protected":false},"author":61402780,"featured_media":0,"parent":0,"menu_order":0,"comment_status":"closed","ping_status":"closed","template":"","meta":{"_mo_disable_npp":"","_genesis_hide_title":false,"_genesis_hide_breadcrumbs":false,"_genesis_hide_singular_image":false,"_genesis_hide_footer_widgets":false,"_genesis_custom_body_class":"","_genesis_custom_post_class":"","_genesis_layout":"","advanced_seo_description":"","jetpack_seo_html_title":"","jetpack_seo_noindex":false,"footnotes":""},"class_list":{"0":"post-1246","1":"page","2":"type-page","3":"status-publish","5":"entry"},"jetpack_likes_enabled":true,"jetpack_sharing_enabled":true,"jetpack_shortlink":"https:\/\/wp.me\/P7CJRm-k6","amp_enabled":true,"_links":{"self":[{"href":"https:\/\/justiceinmining.org\/es\/wp-json\/wp\/v2\/pages\/1246","targetHints":{"allow":["GET"]}}],"collection":[{"href":"https:\/\/justiceinmining.org\/es\/wp-json\/wp\/v2\/pages"}],"about":[{"href":"https:\/\/justiceinmining.org\/es\/wp-json\/wp\/v2\/types\/page"}],"author":[{"embeddable":true,"href":"https:\/\/justiceinmining.org\/es\/wp-json\/wp\/v2\/users\/61402780"}],"replies":[{"embeddable":true,"href":"https:\/\/justiceinmining.org\/es\/wp-json\/wp\/v2\/comments?post=1246"}],"version-history":[{"count":15,"href":"https:\/\/justiceinmining.org\/es\/wp-json\/wp\/v2\/pages\/1246\/revisions"}],"predecessor-version":[{"id":1426,"href":"https:\/\/justiceinmining.org\/es\/wp-json\/wp\/v2\/pages\/1246\/revisions\/1426"}],"wp:attachment":[{"href":"https:\/\/justiceinmining.org\/es\/wp-json\/wp\/v2\/media?parent=1246"}],"curies":[{"name":"wp","href":"https:\/\/api.w.org\/{rel}","templated":true}]}}